{"id":645,"date":"2024-11-29T19:56:32","date_gmt":"2024-11-29T18:56:32","guid":{"rendered":"https:\/\/sametpolat.com\/hinweis-zur-website\/"},"modified":"2024-12-03T18:04:35","modified_gmt":"2024-12-03T17:04:35","slug":"hinweis-zur-website","status":"publish","type":"page","link":"https:\/\/sametpolat.com\/de\/hinweis-zur-website\/","title":{"rendered":"Hinweis zur Website"},"content":{"rendered":"<p>Samet Polat<br\/>Waldeckerstr. 6<br\/>64546 M\u00f6rfelden-Walldorf<\/p><h2 class=\"wp-block-heading\">Kontakt<\/h2><p>Telefon: +49 1525 9999 109<br\/>E-Mail: mail@sametpolat.com<\/p><h2 class=\"wp-block-heading\">UMSATZSTEUER-ID<\/h2><p>Umsatzsteuer-Identifikationsnummer gem\u00e4\u00df Sect. 27 a des Umsatzsteuergesetzes:<br\/>DE324924901<\/p><h2 class=\"wp-block-heading\">EU-Streitbeilegung<\/h2><p>Die Europ\u00e4ische Kommission stellt eine Plattform f\u00fcr die Online-Streitbeilegung (ODR) zur Verf\u00fcgung: <a href=\"https:\/\/ec.europa.eu\/consumers\/odr\/\" target=\"_blank\" rel=\"noreferrer noopener\">https:\/\/ec.europa.eu\/consumers\/odr\/.<\/a><br\/>Unsere E-Mail-Adresse finden Sie oben im Impressum der Website.<\/p><h2 class=\"wp-block-heading\">Streitschlichtungsverfahren vor einer Verbraucherschlichtungsstelle<\/h2><p>Wir sind nicht bereit oder verpflichtet, an einem Streitbeilegungsverfahren vor einer Verbraucherschlichtungsstelle teilzunehmen.<\/p>","protected":false},"excerpt":{"rendered":"<p>Samet PolatWaldeckerstr. 664546 M\u00f6rfelden-Walldorf Kontakt Telefon: +49 1525 9999 109E-Mail: mail@sametpolat.com UMSATZSTEUER-ID Umsatzsteuer-Identifikationsnummer gem\u00e4\u00df Sect. 27 a&#8230;<\/p>\n","protected":false},"author":1,"featured_media":0,"parent":0,"menu_order":0,"comment_status":"closed","ping_status":"closed","template":"","meta":{"_acf_changed":false,"om_disable_all_campaigns":false,"_monsterinsights_skip_tracking":false,"_monsterinsights_sitenote_active":false,"_monsterinsights_sitenote_note":"","_monsterinsights_sitenote_category":0,"_uf_show_specific_survey":0,"_uf_disable_surveys":false,"footnotes":""},"class_list":["post-645","page","type-page","status-publish","hentry"],"acf":[],"aioseo_notices":[],"_links":{"self":[{"href":"https:\/\/sametpolat.com\/de\/wp-json\/wp\/v2\/pages\/645","targetHints":{"allow":["GET"]}}],"collection":[{"href":"https:\/\/sametpolat.com\/de\/wp-json\/wp\/v2\/pages"}],"about":[{"href":"https:\/\/sametpolat.com\/de\/wp-json\/wp\/v2\/types\/page"}],"author":[{"embeddable":true,"href":"https:\/\/sametpolat.com\/de\/wp-json\/wp\/v2\/users\/1"}],"replies":[{"embeddable":true,"href":"https:\/\/sametpolat.com\/de\/wp-json\/wp\/v2\/comments?post=645"}],"version-history":[{"count":3,"href":"https:\/\/sametpolat.com\/de\/wp-json\/wp\/v2\/pages\/645\/revisions"}],"predecessor-version":[{"id":771,"href":"https:\/\/sametpolat.com\/de\/wp-json\/wp\/v2\/pages\/645\/revisions\/771"}],"wp:attachment":[{"href":"https:\/\/sametpolat.com\/de\/wp-json\/wp\/v2\/media?parent=645"}],"curies":[{"name":"wp","href":"https:\/\/api.w.org\/{rel}","templated":true}]}}